{"id":88,"date":"2023-01-23T18:58:14","date_gmt":"2023-01-23T18:58:14","guid":{"rendered":"https:\/\/expandigital.net\/?page_id=88"},"modified":"2025-01-25T06:01:47","modified_gmt":"2025-01-25T06:01:47","slug":"brite","status":"publish","type":"page","link":"https:\/\/expandigital.net\/","title":{"rendered":"Front Page"},"content":{"rendered":"<div data-colibri-id=\"88-c1\" class=\"style-186 style-local-88-c1 position-relative\">\n  <!---->\n  <div data-colibri-component=\"section\" data-colibri-id=\"88-c2\" id=\"overlappable\" class=\"h-section h-section-global-spacing d-flex align-items-lg-center align-items-md-center align-items-center style-187 style-local-88-c2 position-relative\">\n    <!---->\n    <!---->\n    <div class=\"h-section-grid-container h-section-boxed-container\">\n      <!---->\n      <div data-colibri-id=\"88-c3\" class=\"h-row-container gutters-row-lg-0 gutters-row-md-0 gutters-row-2 gutters-row-v-lg-0 gutters-row-v-md-0 gutters-row-v-2 style-188 style-local-88-c3 position-relative\">\n        <!---->\n        <div class=\"h-row justify-content-lg-center justify-content-md-center justify-content-center align-items-lg-stretch align-items-md-stretch align-items-stretch gutters-col-lg-0 gutters-col-md-0 gutters-col-2 gutters-col-v-lg-0 gutters-col-v-md-0 gutters-col-v-2\">\n          <!---->\n          <div class=\"h-column h-column-container d-flex h-col-lg-auto h-col-md-auto h-col-auto style-189-outer style-local-88-c4-outer\">\n            <div data-colibri-id=\"88-c4\" class=\"d-flex h-flex-basis h-column__inner h-px-lg-0 h-px-md-0 h-px-0 v-inner-lg-0 v-inner-md-0 v-inner-0 style-189 style-local-88-c4 h-overflow-hidden position-relative\">\n              <!---->\n              <!---->\n              <div class=\"w-100 h-y-container h-column__content h-column__v-align flex-basis-100 align-self-lg-start align-self-md-start align-self-start\">\n                <!---->\n                <div data-colibri-id=\"88-c5\" class=\"h-row-container gutters-row-lg-0 gutters-row-md-0 gutters-row-0 gutters-row-v-lg-0 gutters-row-v-md-0 gutters-row-v-0 style-190 style-local-88-c5 position-relative\">\n                  <!---->\n                  <div class=\"h-row justify-content-lg-center justify-content-md-center justify-content-center align-items-lg-stretch align-items-md-stretch align-items-stretch gutters-col-lg-0 gutters-col-md-0 gutters-col-0 gutters-col-v-lg-0 gutters-col-v-md-0 gutters-col-v-0\">\n                    <!---->\n                    <div class=\"h-column h-column-container d-flex h-col-lg-3 h-col-md-6 h-col-12 style-191-outer style-local-88-c6-outer\">\n                      <div data-colibri-id=\"88-c6\" class=\"d-flex h-flex-basis h-column__inner h-px-lg-3 h-px-md-3 h-px-3 v-inner-lg-3 v-inner-md-3 v-inner-3 style-191 style-local-88-c6 position-relative\">\n                        <!---->\n                        <!---->\n                        <div class=\"w-100 h-y-container h-column__content h-column__v-align flex-basis-100 align-self-lg-start align-self-md-start align-self-start\">\n                          <!---->\n                          <div data-colibri-id=\"88-c7\" class=\"h-icon style-192 style-local-88-c7 position-relative h-element\">\n                            <!----><span class=\"h-svg-icon h-icon__icon style-192-icon style-local-88-c7-icon\"><!--Icon by Socicon (http:\/\/www.socicon.com)--><svg version=\"1.1\" xmlns=\"http:\/\/www.w3.org\/2000\/svg\" viewBox=\"0 0 1500 1500\">\n\n<path d=\"M750 0c-414.209 0-750 335.791-750 750s335.791 750 750 750 750-335.791 750-750c-0.555-413.985-336.015-749.445-750-750zM1262.7 276.060c-53.010 22.125-107.67 40.036-163.485 53.596-33.404-96.541-89.596-183.615-163.815-253.815 125.64 34.92 239.010 104.265 327.3 200.221v0zM775.274 420.33c98.205-1.245 196.065-11.865 292.245-31.68 34.036 109.17 51.976 222.735 53.265 337.080h-345.51v-305.399zM775.274 369.779v-316.86c113.265 14.49 212.355 124.38 275.399 287.536-90.69 18.24-182.895 28.065-275.399 29.325zM724.726 52.92v316.86c-92.49-1.14-184.68-10.846-275.399-28.995 63.029-163.815 162.135-273.375 275.399-287.865zM724.726 420.33v303.375h-345.51c1.291-114.346 19.23-227.895 53.265-337.080 96.12 20.505 193.98 31.8 292.245 33.705zM328.32 723.705h-276.404c5.19-148.8 58.005-292.005 150.675-408.541 58.515 26.476 119.19 47.895 181.351 64.050-35.19 111.87-53.925 228.255-55.62 345.51v-1.020zM328.32 774.27c1.589 117.601 20.325 234.33 55.62 346.515-62.084 15.27-122.745 35.791-181.351 61.351-92.67-116.536-145.485-259.74-150.675-408.541l276.404 0.675zM379.214 774.27h345.51v303.375c-98.205 1.245-196.065 11.865-292.245 31.68-33.735-108.209-51.675-220.709-53.265-334.050v-1.005zM724.726 1130.221v316.86c-113.265-14.49-212.355-124.38-275.399-287.536 90.69-18.255 182.895-28.065 275.399-29.325zM775.274 1447.080v-316.86c92.49 1.14 184.68 10.846 275.399 28.995-63.029 163.815-162.135 273.375-275.399 287.865zM775.274 1079.67v-303.375h345.51c-1.291 114.346-19.23 227.895-53.265 337.080-96.12-20.505-193.98-31.8-292.245-33.705zM1171.68 776.295h276.404c-5.19 148.8-58.005 292.005-150.675 408.541-58.515-26.476-119.19-47.911-181.351-64.050 35.19-111.87 53.925-228.255 55.62-345.51v1.020zM1171.68 725.73c-1.529-117.825-20.265-234.795-55.62-347.19 62.084-15.27 122.745-35.791 181.351-61.351 92.67 116.536 145.485 259.74 150.675 408.541h-276.404zM564.601 75.839c-74.25 69.976-130.56 156.81-164.161 253.14-55.815-13.56-110.476-31.471-163.485-53.596 88.485-95.76 201.976-164.88 327.645-199.545zM236.971 1221.916c53.010-22.125 107.67-40.050 163.485-53.596 33.209 97.305 89.55 185.101 164.161 255.839-125.76-34.86-239.25-104.205-327.645-200.221v-2.024zM935.399 1424.161c74.295-70.080 130.605-157.020 164.161-253.485 55.815 13.545 110.476 31.471 163.485 53.596-88.44 95.895-201.93 165.135-327.645 199.89z\"><\/path>\n<\/svg>\n<\/span><\/div>\n                          <div data-colibri-id=\"88-c8\" class=\"h-global-transition-all h-heading style-193 style-local-88-c8 position-relative h-element\">\n                            <!---->\n                            <div class=\"h-heading__outer style-193 style-local-88-c8\">\n                              <!---->\n                              <!---->\n                              <h4 class=\"\">INSAT<\/h4>\n                            <\/div>\n                          <\/div>\n                          <div data-colibri-id=\"88-c9\" class=\"h-text h-text-component style-194 style-local-88-c9 position-relative h-element\">\n                            <!---->\n                            <!---->\n                            <div class=\"\">\n                              <p>Proveemos conectividad satelital en Banda Ka a personas, empresas y corporaciones.<\/p>\n                            <\/div>\n                          <\/div>\n                          <div data-colibri-id=\"88-c10\" class=\"h-x-container style-195 style-local-88-c10 position-relative h-element\">\n                            <!---->\n                            <div class=\"h-x-container-inner style-dynamic-88-c10-group style-195-spacing style-local-88-c10-spacing\"><span class=\"h-button__outer style-196-outer style-local-88-c11-outer d-inline-flex h-element\"><a h-use-smooth-scroll=\"true\" href=\"https:\/\/insat.com.ar\"  data-colibri-id=\"88-c11\" class=\"d-flex w-100 align-items-center h-button justify-content-lg-center justify-content-md-center justify-content-center style-196 style-local-88-c11 position-relative\"><!----><!----> <span>Ir a INSAT<\/span><\/a>\n                              <\/span>\n                            <\/div>\n                          <\/div>\n                        <\/div>\n                      <\/div>\n                    <\/div>\n                    <div class=\"h-column h-column-container d-flex h-col-lg-3 h-col-md-6 h-col-12 style-191-outer style-local-88-c12-outer\">\n                      <div data-colibri-id=\"88-c12\" class=\"d-flex h-flex-basis h-column__inner h-px-lg-3 h-px-md-3 h-px-3 v-inner-lg-3 v-inner-md-3 v-inner-3 style-191 style-local-88-c12 position-relative\">\n                        <!---->\n                        <!---->\n                        <div class=\"w-100 h-y-container h-column__content h-column__v-align flex-basis-100 align-self-lg-start align-self-md-start align-self-start\">\n                          <!---->\n                          <div data-colibri-id=\"88-c13\" class=\"h-icon style-324 style-local-88-c13 position-relative h-element\">\n                            <!----><span class=\"h-svg-icon h-icon__icon style-324-icon style-local-88-c13-icon\"><!--Icon by Material Icons (https:\/\/material.io)--><svg version=\"1.1\" xmlns=\"http:\/\/www.w3.org\/2000\/svg\" xmlns:xlink=\"http:\/\/www.w3.org\/1999\/xlink\" id=\"headset_mic\" viewBox=\"0 0 512 512\"><path d=\"M120 77.5Q176 21 256 21t136 56.5Q448 134 448 213v214q0 26-19 45t-45 19H256v-43h149v-21h-85V256h85v-43q0-62-43.5-105.5T256 64q-62 0-105.5 43.5T107 213v43h85v171h-64q-26 0-45-19t-19-45V213q0-79 56-135.5z\"><\/path><\/svg><\/span><\/div>\n                          <div\n                            data-colibri-id=\"88-c14\" class=\"h-global-transition-all h-heading style-193 style-local-88-c14 position-relative h-element\">\n                            <!---->\n                            <div class=\"h-heading__outer style-193 style-local-88-c14\">\n                              <!---->\n                              <!---->\n                              <h4 class=\"\">PHONTEL<\/h4>\n                            <\/div>\n                        <\/div>\n                        <div data-colibri-id=\"88-c15\" class=\"h-text h-text-component style-194 style-local-88-c15 position-relative h-element\">\n                          <!---->\n                          <!---->\n                          <div class=\"\">\n                            <p>Prestamos servicios de contact center con know how centrado en la industria telco<\/p>\n                          <\/div>\n                        <\/div>\n                        <div data-colibri-id=\"88-c16\" class=\"h-x-container style-195 style-local-88-c16 position-relative h-element\">\n                          <!---->\n                          <div class=\"h-x-container-inner style-dynamic-88-c16-group style-195-spacing style-local-88-c16-spacing\"><span class=\"h-button__outer style-325-outer style-local-88-c17-outer d-inline-flex h-element\"><a h-use-smooth-scroll=\"true\" href=\"\"  data-colibri-id=\"88-c17\" class=\"d-flex w-100 align-items-center h-button justify-content-lg-center justify-content-md-center justify-content-center style-325 style-local-88-c17 position-relative\"><!----><!----> <span>IR A PHONTEL<\/span><\/a>\n                            <\/span>\n                          <\/div>\n                        <\/div>\n                      <\/div>\n                    <\/div>\n                  <\/div>\n                  <div class=\"h-column h-column-container d-flex h-col-lg-3 h-col-md-6 h-col-12 style-191-outer style-local-88-c24-outer\">\n                    <div data-colibri-id=\"88-c24\" class=\"d-flex h-flex-basis h-column__inner h-px-lg-3 h-px-md-3 h-px-3 v-inner-lg-3 v-inner-md-3 v-inner-3 style-191 style-local-88-c24 position-relative\">\n                      <!---->\n                      <!---->\n                      <div class=\"w-100 h-y-container h-column__content h-column__v-align flex-basis-100 align-self-lg-start align-self-md-start align-self-start\">\n                        <!---->\n                        <div data-colibri-id=\"88-c25\" class=\"h-icon style-197 style-local-88-c25 position-relative h-element\">\n                          <!----><span class=\"h-svg-icon h-icon__icon style-197-icon style-local-88-c25-icon\"><!--Icon by Material Icons (https:\/\/material.io)--><svg version=\"1.1\" xmlns=\"http:\/\/www.w3.org\/2000\/svg\" xmlns:xlink=\"http:\/\/www.w3.org\/1999\/xlink\" id=\"settings_input_antenna\" viewBox=\"0 0 512 512\"><path d=\"M90 90q69-69 166-69t166 69q69 69 69 166h-43q0-80-56-136T256 64q-80 0-136 56T64 256H21q0-97 69-166zm187 215v70l73 73-30 30-64-64-64 64-30-30 73-73v-70q-32-13-32-49 0-22 15.5-37.5T256 203q22 0 37.5 15.5T309 256q0 36-32 49zM150.5 150.5Q194 107 256 107t105.5 43.5Q405 194 405 256h-42q0-44-31.5-75.5T256 149q-44 0-75.5 31.5T149 256h-42q0-62 43.5-105.5z\"><\/path><\/svg><\/span><\/div>\n                        <div\n                          data-colibri-id=\"88-c26\" class=\"h-global-transition-all h-heading style-193 style-local-88-c26 position-relative h-element\">\n                          <!---->\n                          <div class=\"h-heading__outer style-193 style-local-88-c26\">\n                            <!---->\n                            <!---->\n                            <h4 class=\"\">ENCUENTRA INTERNET<\/h4>\n                          <\/div>\n                      <\/div>\n                      <div data-colibri-id=\"88-c27\" class=\"h-text h-text-component style-194 style-local-88-c27 position-relative h-element\">\n                        <!---->\n                        <!---->\n                        <div class=\"\">\n                          <p>Localizador de servicios telco de \u00faltima milla en todo latinoam\u00e9rica&nbsp;<\/p>\n                        <\/div>\n                      <\/div>\n                      <div data-colibri-id=\"88-c28\" class=\"h-x-container style-195 style-local-88-c28 position-relative h-element\">\n                        <!---->\n                        <div class=\"h-x-container-inner style-dynamic-88-c28-group style-195-spacing style-local-88-c28-spacing\"><span class=\"h-button__outer style-198-outer style-local-88-c29-outer d-inline-flex h-element\"><a h-use-smooth-scroll=\"true\" href=\"https:\/\/encuentrainternet.com\"  data-colibri-id=\"88-c29\" class=\"d-flex w-100 align-items-center h-button justify-content-lg-center justify-content-md-center justify-content-center style-198 style-local-88-c29 position-relative\"><!----><!----> <span>IR A ENCUENTRAINTERNET<\/span><\/a>\n                          <\/span>\n                        <\/div>\n                      <\/div>\n                    <\/div>\n                  <\/div>\n                <\/div>\n                <div class=\"h-column h-column-container d-flex h-col-lg-3 h-col-md-6 h-col-12 style-191-outer style-local-88-c18-outer\">\n                  <div data-colibri-id=\"88-c18\" class=\"d-flex h-flex-basis h-column__inner h-px-lg-3 h-px-md-3 h-px-3 v-inner-lg-3 v-inner-md-3 v-inner-3 style-191 style-local-88-c18 position-relative\">\n                    <!---->\n                    <!---->\n                    <div class=\"w-100 h-y-container h-column__content h-column__v-align flex-basis-100 align-self-lg-start align-self-md-start align-self-start\">\n                      <!---->\n                      <div data-colibri-id=\"88-c19\" class=\"h-icon style-199 style-local-88-c19 position-relative h-element\">\n                        <!----><span class=\"h-svg-icon h-icon__icon style-199-icon style-local-88-c19-icon\"><!--Icon by Font Awesome (https:\/\/fontawesome.com)-->\n    <svg version=\"1.1\" xmlns=\"http:\/\/www.w3.org\/2000\/svg\" xmlns:xlink=\"http:\/\/www.w3.org\/1999\/xlink\" id=\"wrench\" viewBox=\"0 0 1664 1896.0833\">\n      <path d=\"M384 1472q0-26-19-45t-45-19-45 19-19 45 19 45 45 19 45-19 19-45zm644-420l-682 682q-37 37-90 37-52 0-91-37L59 1626q-38-36-38-90 0-53 38-91l681-681q39 98 114.5 173.5T1028 1052zm634-435q0 39-23 106-47 134-164.5 217.5T1216 1024q-185 0-316.5-131.5T768 576t131.5-316.5T1216 128q58 0 121.5 16.5T1445 191q16 11 16 28t-16 28l-293 169v224l193 107q5-3 79-48.5t135.5-81T1630 582q15 0 23.5 10t8.5 25z\"><\/path>\n    <\/svg><\/span><\/div>\n                      <div data-colibri-id=\"88-c20\" class=\"h-global-transition-all h-heading style-193 style-local-88-c20 position-relative h-element\">\n                        <!---->\n                        <div class=\"h-heading__outer style-193 style-local-88-c20\">\n                          <!---->\n                          <!---->\n                          <h4 class=\"\">PST<\/h4>\n                        <\/div>\n                      <\/div>\n                      <div data-colibri-id=\"88-c21\" class=\"h-text h-text-component style-194 style-local-88-c21 position-relative h-element\">\n                        <!---->\n                        <!---->\n                        <div class=\"\">\n                          <p>Brindamos servicios t\u00e9cnicos domiciliarios de \u00faltima milla con amplia cobertura geogr\u00e1fica.<\/p>\n                        <\/div>\n                      <\/div>\n                      <div data-colibri-id=\"88-c22\" class=\"h-x-container style-195 style-local-88-c22 position-relative h-element\">\n                        <!---->\n                        <div class=\"h-x-container-inner style-dynamic-88-c22-group style-195-spacing style-local-88-c22-spacing\"><span class=\"h-button__outer style-200-outer style-local-88-c23-outer d-inline-flex h-element\"><a h-use-smooth-scroll=\"true\" href=\"\"  data-colibri-id=\"88-c23\" class=\"d-flex w-100 align-items-center h-button justify-content-lg-center justify-content-md-center justify-content-center style-200 style-local-88-c23 position-relative\"><!----><!----> <span>IR A PST<\/span><\/a>\n                          <\/span>\n                        <\/div>\n                      <\/div>\n                    <\/div>\n                  <\/div>\n                <\/div>\n              <\/div>\n            <\/div>\n          <\/div>\n        <\/div>\n      <\/div>\n    <\/div>\n  <\/div>\n<\/div>\n<\/div>\n<\/div>","protected":false},"excerpt":{"rendered":"<p>INSAT Proveemos conectividad satelital en Banda Ka a personas, empresas y corporaciones. Ir a INSAT PHONTEL Prestamos servicios de contact center con know how centrado en la industria telco IR A PHONTEL ENCUENTRA INTERNET Localizador de servicios telco de \u00faltima milla en todo latinoam\u00e9rica&nbsp; IR A ENCUENTRAINTERNET PST Brindamos servicios t\u00e9cnicos domiciliarios de \u00faltima milla [&hellip;]<\/p>\n","protected":false},"author":1,"featured_media":0,"parent":0,"menu_order":0,"comment_status":"closed","ping_status":"closed","template":"page-templates\/homepage.php","meta":{"footnotes":""},"class_list":["post-88","page","type-page","status-publish","hentry"],"_links":{"self":[{"href":"https:\/\/expandigital.net\/index.php?rest_route=\/wp\/v2\/pages\/88","targetHints":{"allow":["GET"]}}],"collection":[{"href":"https:\/\/expandigital.net\/index.php?rest_route=\/wp\/v2\/pages"}],"about":[{"href":"https:\/\/expandigital.net\/index.php?rest_route=\/wp\/v2\/types\/page"}],"author":[{"embeddable":true,"href":"https:\/\/expandigital.net\/index.php?rest_route=\/wp\/v2\/users\/1"}],"replies":[{"embeddable":true,"href":"https:\/\/expandigital.net\/index.php?rest_route=%2Fwp%2Fv2%2Fcomments&post=88"}],"version-history":[{"count":14,"href":"https:\/\/expandigital.net\/index.php?rest_route=\/wp\/v2\/pages\/88\/revisions"}],"predecessor-version":[{"id":216,"href":"https:\/\/expandigital.net\/index.php?rest_route=\/wp\/v2\/pages\/88\/revisions\/216"}],"wp:attachment":[{"href":"https:\/\/expandigital.net\/index.php?rest_route=%2Fwp%2Fv2%2Fmedia&parent=88"}],"curies":[{"name":"wp","href":"https:\/\/api.w.org\/{rel}","templated":true}]}}